{"id":369,"date":"2026-02-09T13:20:23","date_gmt":"2026-02-09T13:20:23","guid":{"rendered":"https:\/\/pxdpt.io\/?page_id=369"},"modified":"2026-04-28T10:45:25","modified_gmt":"2026-04-28T10:45:25","slug":"impressum","status":"publish","type":"page","link":"https:\/\/pxdpt.io\/?page_id=369","title":{"rendered":"impressum"},"content":{"rendered":"\t\t<div data-elementor-type=\"wp-page\" data-elementor-id=\"369\" class=\"elementor elementor-369\" data-elementor-post-type=\"page\">\n\t\t\t\t<div class=\"elementor-element elementor-element-888421b e-flex e-con-boxed e-con e-parent\" data-id=\"888421b\" data-element_type=\"container\" data-e-type=\"container\">\n\t\t\t\t\t<div class=\"e-con-inner\">\n\t\t<div class=\"elementor-element elementor-element-ed479db e-con-full e-flex e-con e-child\" data-id=\"ed479db\" data-element_type=\"container\" data-e-type=\"container\">\n\t\t\t\t<div class=\"elementor-element elementor-element-5a517da elementor-widget elementor-widget-heading\" data-id=\"5a517da\" data-element_type=\"widget\" data-e-type=\"widget\" data-widget_type=\"heading.default\">\n\t\t\t\t\t<h1 class=\"elementor-heading-title elementor-size-default\">Imprint<\/h1>\t\t\t\t<\/div>\n\t\t\t\t<div class=\"elementor-element elementor-element-89b536b elementor-widget elementor-widget-heading\" data-id=\"89b536b\" data-element_type=\"widget\" data-e-type=\"widget\" data-widget_type=\"heading.default\">\n\t\t\t\t\t<h3 class=\"elementor-heading-title elementor-size-default\">Information pursuant to Section 5 TMG\n<\/h3>\t\t\t\t<\/div>\n\t\t\t\t<\/div>\n\t\t<div class=\"elementor-element elementor-element-a175482 e-con-full e-flex e-con e-child\" data-id=\"a175482\" data-element_type=\"container\" data-e-type=\"container\">\n\t\t\t\t<\/div>\n\t\t\t\t\t<\/div>\n\t\t\t\t<\/div>\n\t\t<div class=\"elementor-element elementor-element-296493a e-flex e-con-boxed e-con e-parent\" data-id=\"296493a\" data-element_type=\"container\" data-e-type=\"container\">\n\t\t\t\t\t<div class=\"e-con-inner\">\n\t\t<div class=\"elementor-element elementor-element-56ae562 e-con-full e-flex e-con e-child\" data-id=\"56ae562\" data-element_type=\"container\" data-e-type=\"container\">\n\t\t\t\t<div class=\"elementor-element elementor-element-96fc889 elementor-widget elementor-widget-text-editor\" data-id=\"96fc889\" data-element_type=\"widget\" data-e-type=\"widget\" data-widget_type=\"text-editor.default\">\n\t\t\t\t\t\t\t\t\t<p data-start=\"0\" data-end=\"41\"><span style=\"font-family: inherit; font-size: inherit; font-style: inherit; font-variant-ligatures: inherit; font-variant-caps: inherit; font-weight: inherit;\"><strong>twynk<\/strong><br \/><\/span><span style=\"font-family: inherit; font-size: inherit; font-style: inherit; font-variant-ligatures: inherit; font-variant-caps: inherit; font-weight: inherit;\">Owner: Johannes Kr\u00f6ger<br \/><\/span><span style=\"font-family: inherit; font-size: inherit; font-style: inherit; font-variant-ligatures: inherit; font-variant-caps: inherit; font-weight: inherit;\">Rosenhagen 7<br \/><\/span><span style=\"font-family: inherit; font-size: inherit; font-style: inherit; font-variant-ligatures: inherit; font-variant-caps: inherit; font-weight: inherit;\">19348 Perleberg<br \/><\/span><span style=\"font-family: inherit; font-size: inherit; font-style: inherit; font-variant-ligatures: inherit; font-variant-caps: inherit; font-weight: inherit;\">Germany<\/span><\/p><p data-start=\"118\" data-end=\"170\">Phone: +49 176 626 041 27<br data-start=\"143\" data-end=\"146\" \/>Email: <a class=\"decorated-link cursor-pointer\" rel=\"noopener\" data-start=\"153\" data-end=\"170\">johannes@twynk.io<\/a><\/p><p data-start=\"172\" data-end=\"204\"><strong data-start=\"172\" data-end=\"186\">CEO<\/strong><br data-start=\"186\" data-end=\"189\" \/>Johannes Kr\u00f6ger<\/p><p data-start=\"206\" data-end=\"252\"><strong data-start=\"206\" data-end=\"234\">Editorial responsibility<\/strong><br data-start=\"234\" data-end=\"237\" \/>Johannes Kr\u00f6ger<\/p><p data-start=\"254\" data-end=\"401\"><strong data-start=\"254\" data-end=\"279\">EU dispute resolution<\/strong><br data-start=\"279\" data-end=\"282\" \/>The European Commission provides a platform for online dispute resolution (ODR):<br data-start=\"362\" data-end=\"365\" \/><a class=\"decorated-link\" href=\"https:\/\/ec.europa.eu\/consumers\/odr\" target=\"_new\" rel=\"noopener\" data-start=\"365\" data-end=\"399\">https:\/\/ec.europa.eu\/consumers\/odr<\/a><\/p><p data-start=\"403\" data-end=\"461\" data-is-last-node=\"\" data-is-only-node=\"\">\u00a0<\/p>\t\t\t\t\t\t\t\t<\/div>\n\t\t\t\t<\/div>\n\t\t<div class=\"elementor-element elementor-element-f8c3150 e-con-full e-flex e-con e-child\" data-id=\"f8c3150\" data-element_type=\"container\" data-e-type=\"container\">\n\t\t\t\t<\/div>\n\t\t\t\t\t<\/div>\n\t\t\t\t<\/div>\n\t\t<div class=\"elementor-element elementor-element-a9428e1 e-flex e-con-boxed e-con e-parent\" data-id=\"a9428e1\" data-element_type=\"container\" data-e-type=\"container\">\n\t\t\t\t\t<div class=\"e-con-inner\">\n\t\t\t\t\t<\/div>\n\t\t\t\t<\/div>\n\t\t\t\t<\/div>\n\t\t","protected":false},"excerpt":{"rendered":"<p>Imprint Information pursuant to Section 5 TMG twynkOwner: Johannes Kr\u00f6gerRosenhagen 719348 PerlebergGermany Phone: +49 176 626 041 27Email: johannes@twynk.io CEOJohannes Kr\u00f6ger Editorial responsibilityJohannes Kr\u00f6ger EU dispute resolutionThe European Commission provides a platform for online dispute resolution (ODR):https:\/\/ec.europa.eu\/consumers\/odr \u00a0<\/p>\n","protected":false},"author":1,"featured_media":0,"parent":0,"menu_order":0,"comment_status":"closed","ping_status":"closed","template":"","meta":{"footnotes":""},"class_list":["post-369","page","type-page","status-publish","hentry"],"blocksy_meta":[],"yoast_head":"<!-- This site is optimized with the Yoast SEO plugin v27.4 - https:\/\/yoast.com\/product\/yoast-seo-wordpress\/ -->\n<title>impressum - Post Purchase Retention Plattform<\/title>\n<meta name=\"robots\" content=\"index, follow, max-snippet:-1, max-image-preview:large, max-video-preview:-1\" \/>\n<link rel=\"canonical\" href=\"https:\/\/pxdpt.io\/?page_id=369\" \/>\n<meta property=\"og:locale\" content=\"de_DE\" \/>\n<meta property=\"og:type\" content=\"article\" \/>\n<meta property=\"og:title\" content=\"impressum - Post Purchase Retention Plattform\" \/>\n<meta property=\"og:description\" content=\"Imprint Information pursuant to Section 5 TMG twynkOwner: Johannes Kr\u00f6gerRosenhagen 719348 PerlebergGermany Phone: +49 176 626 041 27Email: johannes@twynk.io CEOJohannes Kr\u00f6ger Editorial responsibilityJohannes Kr\u00f6ger EU dispute resolutionThe European Commission provides a platform for online dispute resolution (ODR):https:\/\/ec.europa.eu\/consumers\/odr \u00a0\" \/>\n<meta property=\"og:url\" content=\"https:\/\/pxdpt.io\/?page_id=369\" \/>\n<meta property=\"og:site_name\" content=\"Post Purchase Retention Plattform\" \/>\n<meta property=\"article:modified_time\" content=\"2026-04-28T10:45:25+00:00\" \/>\n<meta name=\"twitter:card\" content=\"summary_large_image\" \/>\n<meta name=\"twitter:label1\" content=\"Gesch\u00e4tzte Lesezeit\" \/>\n\t<meta name=\"twitter:data1\" content=\"1\u00a0Minute\" \/>\n<script type=\"application\/ld+json\" class=\"yoast-schema-graph\">{\"@context\":\"https:\\\/\\\/schema.org\",\"@graph\":[{\"@type\":\"WebPage\",\"@id\":\"https:\\\/\\\/pxdpt.io\\\/?page_id=369\",\"url\":\"https:\\\/\\\/pxdpt.io\\\/?page_id=369\",\"name\":\"impressum - Post Purchase Retention Plattform\",\"isPartOf\":{\"@id\":\"https:\\\/\\\/pxdpt.io\\\/#website\"},\"datePublished\":\"2026-02-09T13:20:23+00:00\",\"dateModified\":\"2026-04-28T10:45:25+00:00\",\"breadcrumb\":{\"@id\":\"https:\\\/\\\/pxdpt.io\\\/?page_id=369#breadcrumb\"},\"inLanguage\":\"de\",\"potentialAction\":[{\"@type\":\"ReadAction\",\"target\":[\"https:\\\/\\\/pxdpt.io\\\/?page_id=369\"]}]},{\"@type\":\"BreadcrumbList\",\"@id\":\"https:\\\/\\\/pxdpt.io\\\/?page_id=369#breadcrumb\",\"itemListElement\":[{\"@type\":\"ListItem\",\"position\":1,\"name\":\"Start\",\"item\":\"https:\\\/\\\/pxdpt.io\\\/\"},{\"@type\":\"ListItem\",\"position\":2,\"name\":\"impressum\"}]},{\"@type\":\"WebSite\",\"@id\":\"https:\\\/\\\/pxdpt.io\\\/#website\",\"url\":\"https:\\\/\\\/pxdpt.io\\\/\",\"name\":\"The digital product passport OS\",\"description\":\"\",\"publisher\":{\"@id\":\"https:\\\/\\\/pxdpt.io\\\/#organization\"},\"potentialAction\":[{\"@type\":\"SearchAction\",\"target\":{\"@type\":\"EntryPoint\",\"urlTemplate\":\"https:\\\/\\\/pxdpt.io\\\/?s={search_term_string}\"},\"query-input\":{\"@type\":\"PropertyValueSpecification\",\"valueRequired\":true,\"valueName\":\"search_term_string\"}}],\"inLanguage\":\"de\"},{\"@type\":\"Organization\",\"@id\":\"https:\\\/\\\/pxdpt.io\\\/#organization\",\"name\":\"twynk\",\"url\":\"https:\\\/\\\/pxdpt.io\\\/\",\"logo\":{\"@type\":\"ImageObject\",\"inLanguage\":\"de\",\"@id\":\"https:\\\/\\\/pxdpt.io\\\/#\\\/schema\\\/logo\\\/image\\\/\",\"url\":\"https:\\\/\\\/pxdpt.io\\\/wp-content\\\/uploads\\\/2026\\\/01\\\/logo_neu.png\",\"contentUrl\":\"https:\\\/\\\/pxdpt.io\\\/wp-content\\\/uploads\\\/2026\\\/01\\\/logo_neu.png\",\"width\":1500,\"height\":500,\"caption\":\"twynk\"},\"image\":{\"@id\":\"https:\\\/\\\/pxdpt.io\\\/#\\\/schema\\\/logo\\\/image\\\/\"}}]}<\/script>\n<!-- \/ Yoast SEO plugin. -->","yoast_head_json":{"title":"impressum - Post Purchase Retention Plattform","robots":{"index":"index","follow":"follow","max-snippet":"max-snippet:-1","max-image-preview":"max-image-preview:large","max-video-preview":"max-video-preview:-1"},"canonical":"https:\/\/pxdpt.io\/?page_id=369","og_locale":"de_DE","og_type":"article","og_title":"impressum - Post Purchase Retention Plattform","og_description":"Imprint Information pursuant to Section 5 TMG twynkOwner: Johannes Kr\u00f6gerRosenhagen 719348 PerlebergGermany Phone: +49 176 626 041 27Email: johannes@twynk.io CEOJohannes Kr\u00f6ger Editorial responsibilityJohannes Kr\u00f6ger EU dispute resolutionThe European Commission provides a platform for online dispute resolution (ODR):https:\/\/ec.europa.eu\/consumers\/odr \u00a0","og_url":"https:\/\/pxdpt.io\/?page_id=369","og_site_name":"Post Purchase Retention Plattform","article_modified_time":"2026-04-28T10:45:25+00:00","twitter_card":"summary_large_image","twitter_misc":{"Gesch\u00e4tzte Lesezeit":"1\u00a0Minute"},"schema":{"@context":"https:\/\/schema.org","@graph":[{"@type":"WebPage","@id":"https:\/\/pxdpt.io\/?page_id=369","url":"https:\/\/pxdpt.io\/?page_id=369","name":"impressum - Post Purchase Retention Plattform","isPartOf":{"@id":"https:\/\/pxdpt.io\/#website"},"datePublished":"2026-02-09T13:20:23+00:00","dateModified":"2026-04-28T10:45:25+00:00","breadcrumb":{"@id":"https:\/\/pxdpt.io\/?page_id=369#breadcrumb"},"inLanguage":"de","potentialAction":[{"@type":"ReadAction","target":["https:\/\/pxdpt.io\/?page_id=369"]}]},{"@type":"BreadcrumbList","@id":"https:\/\/pxdpt.io\/?page_id=369#breadcrumb","itemListElement":[{"@type":"ListItem","position":1,"name":"Start","item":"https:\/\/pxdpt.io\/"},{"@type":"ListItem","position":2,"name":"impressum"}]},{"@type":"WebSite","@id":"https:\/\/pxdpt.io\/#website","url":"https:\/\/pxdpt.io\/","name":"The digital product passport OS","description":"","publisher":{"@id":"https:\/\/pxdpt.io\/#organization"},"potentialAction":[{"@type":"SearchAction","target":{"@type":"EntryPoint","urlTemplate":"https:\/\/pxdpt.io\/?s={search_term_string}"},"query-input":{"@type":"PropertyValueSpecification","valueRequired":true,"valueName":"search_term_string"}}],"inLanguage":"de"},{"@type":"Organization","@id":"https:\/\/pxdpt.io\/#organization","name":"twynk","url":"https:\/\/pxdpt.io\/","logo":{"@type":"ImageObject","inLanguage":"de","@id":"https:\/\/pxdpt.io\/#\/schema\/logo\/image\/","url":"https:\/\/pxdpt.io\/wp-content\/uploads\/2026\/01\/logo_neu.png","contentUrl":"https:\/\/pxdpt.io\/wp-content\/uploads\/2026\/01\/logo_neu.png","width":1500,"height":500,"caption":"twynk"},"image":{"@id":"https:\/\/pxdpt.io\/#\/schema\/logo\/image\/"}}]}},"_links":{"self":[{"href":"https:\/\/pxdpt.io\/index.php?rest_route=\/wp\/v2\/pages\/369","targetHints":{"allow":["GET"]}}],"collection":[{"href":"https:\/\/pxdpt.io\/index.php?rest_route=\/wp\/v2\/pages"}],"about":[{"href":"https:\/\/pxdpt.io\/index.php?rest_route=\/wp\/v2\/types\/page"}],"author":[{"embeddable":true,"href":"https:\/\/pxdpt.io\/index.php?rest_route=\/wp\/v2\/users\/1"}],"replies":[{"embeddable":true,"href":"https:\/\/pxdpt.io\/index.php?rest_route=%2Fwp%2Fv2%2Fcomments&post=369"}],"version-history":[{"count":13,"href":"https:\/\/pxdpt.io\/index.php?rest_route=\/wp\/v2\/pages\/369\/revisions"}],"predecessor-version":[{"id":815,"href":"https:\/\/pxdpt.io\/index.php?rest_route=\/wp\/v2\/pages\/369\/revisions\/815"}],"wp:attachment":[{"href":"https:\/\/pxdpt.io\/index.php?rest_route=%2Fwp%2Fv2%2Fmedia&parent=369"}],"curies":[{"name":"wp","href":"https:\/\/api.w.org\/{rel}","templated":true}]}}